{"id":1428,"date":"2021-11-18T21:47:04","date_gmt":"2021-11-18T21:47:04","guid":{"rendered":"https:\/\/www.vispertheater.ch\/wordpress\/?page_id=1428"},"modified":"2021-11-22T07:31:54","modified_gmt":"2021-11-22T07:31:54","slug":"mitglied_werden","status":"publish","type":"page","link":"https:\/\/www.vispertheater.ch\/wordpress\/mitglied_werden\/","title":{"rendered":"mitglied_werden"},"content":{"rendered":"<div  class=\"tatsu-Hy0WJBVdF tatsu-section    tatsu-clearfix\" data-title=\"\"  data-headerscheme=\"background--dark\"><div class='tatsu-section-pad clearfix' data-padding='{\"d\":\"0px 0px 0px 0px \"}' data-padding-top='0px'><div class=\"tatsu-row-wrap  tatsu-row-full-width tatsu-row-has-one-half tatsu-row-has-two-cols tatsu-no-gutter tatsu-eq-cols  tatsu-clearfix tatsu-SJx0bkHVuF\" ><div  class=\"tatsu-row \" ><div  class=\"tatsu-column  tatsu-column-empty tatsu-one-half tatsu-column-align-middle tatsu-column-image-none tatsu-column-effect-none  tatsu-r1-CWySEut\"  data-parallax-speed=\"0\" style=\"\"><div class=\"tatsu-column-inner \" ><div class=\"tatsu-column-pad-wrap\"><div class=\"tatsu-column-pad\" ><\/div><\/div><div class = \"tatsu-column-bg-image-wrap\"><div class = \"tatsu-column-bg-image\" ><\/div><\/div><\/div><style>.tatsu-row > .tatsu-r1-CWySEut.tatsu-column{width: 50%;}.tatsu-r1-CWySEut.tatsu-column > .tatsu-column-inner > .tatsu-column-bg-image-wrap > .tatsu-column-bg-image{background-image: url(https:\/\/www.vispertheater.ch\/wordpress\/wp-content\/uploads\/2019\/02\/5DIV2818.jpg);background-repeat: no-repeat;background-attachment: scroll;background-position: center center;background-size: cover;}.tatsu-r1-CWySEut.tatsu-column > .tatsu-column-inner > .tatsu-bg-blur{background-repeat: no-repeat;background-attachment: scroll;background-position: center center;background-size: cover;}.tatsu-r1-CWySEut.tatsu-column > .tatsu-column-inner > .tatsu-column-overlay{mix-blend-mode: none;}.tatsu-r1-CWySEut > .tatsu-column-inner > .tatsu-top-divider{z-index: 9999;}.tatsu-r1-CWySEut > .tatsu-column-inner > .tatsu-bottom-divider{z-index: 9999;}.tatsu-r1-CWySEut > .tatsu-column-inner > .tatsu-left-divider{z-index: 9999;}.tatsu-r1-CWySEut > .tatsu-column-inner > .tatsu-right-divider{z-index: 9999;}@media only screen and (max-width: 767px) {.tatsu-row > .tatsu-r1-CWySEut.tatsu-column{width: 100%;}}<\/style><\/div><div  class=\"tatsu-column  tatsu-one-half tatsu-column-align-middle tatsu-column-image-none tatsu-column-effect-none  tatsu-H1G0WJBEdt\"  data-parallax-speed=\"0\" style=\"\"><div class=\"tatsu-column-inner \" ><div class=\"tatsu-column-pad-wrap\"><div class=\"tatsu-column-pad\" ><div  class=\"tatsu-module tatsu-inline-text clearfix tatsu-ByQRWJBNdF   \" ><style>.tatsu-ByQRWJBNdF .tatsu-inline-text-inner{width: 100%;text-align: left;}<\/style><div class=\"tatsu-inline-text-inner tatsu-align-center\">\n<h2>Mitglied werden&#8230;.<\/h2>\n<p>Schon seit seiner Gr\u00fcndung 1989 hat das Visper Theater einen grossen Wert auf die F\u00f6rderung des Kinder- und Jugendspiels gesetzt. W\u00e4hrend das Junge Visper Theater<a href=\"https:\/\/www.vispertheater.ch\/wordpress\/junges-visper-theater\/\">\u00a0<\/a>sein Ensemble aus Jugendlichen ab 13\u00a0Jahren zusammensetzt, spielen bei den Muggini die J\u00fcngsten &#8211; Kinder im Primarschulalter.<\/p>\n<p>Der Visper Theater Verein verf\u00fcgt seit Jahrzehnten \u00fcber eine grosse Vielfalt an aktiven und passiven Vereinsmitglieder. Willst auch du bei uns mitmachen, egal ob als Muggi oder Erwachsener, du bist gerne willkommen.<\/p>\n<p>Melde dich doch bei uns per Mail oder \u00fcber das Kontaktformular&#8230;.<\/p>\n<\/div><\/div><div  class=\"tatsu-module tatsu-normal-button tatsu-button-wrap align-block block-center  tatsu-ryE0WyBNOK   \"><a class=\"tatsu-shortcode blockbtn tatsu-button left-icon rounded   bg-animation-none  \" href=\"mailto:info@vispertheater.ch\" style= \"\"  aria-label=\"Mail\" data-gdpr-atts={} target=\"_blank\"><i class=\"tatsu-icon icon-icon_mail_alt\"><\/i>Mail<\/a><style>.tatsu-ryE0WyBNOK .tatsu-button{background-color: rgba(208,2,27,1);color: #ffffff ;}.tatsu-ryE0WyBNOK.tatsu-normal-button{margin: 0px 0 0 0;}.tatsu-ryE0WyBNOK{padding: 1px 0px 0px 0px;}<\/style><\/div><div  class=\"tatsu-module tatsu-divider-wrap  tatsu-HkLX86dOK   \"  ><style>.tatsu-HkLX86dOK .tatsu-divider{height: 1px;width: 100%;background: #efefef;}.tatsu-HkLX86dOK.tatsu-divider-wrap{text-align: center;margin: 16px 0px 20px 0px;}<\/style><hr class=\"tatsu-divider\"\/><\/div><div  class=\"tatsu-module tatsu-normal-button tatsu-button-wrap   tatsu-rJWwnrudK   \"><a class=\"tatsu-shortcode mediumbtn tatsu-button left-icon circular   bg-animation-none  \" href=\"https:\/\/www.vispertheater.ch\/wordpress\/\" style= \"\"  aria-label=\"zur\u00fcck\" data-gdpr-atts={} ><i class=\"tatsu-icon icon-arrow_back\"><\/i>zur\u00fcck<\/a><style>.tatsu-rJWwnrudK .tatsu-button{background-color: #c0020e;color: #ffffff ;}<\/style><\/div><\/div><\/div><div class = \"tatsu-column-bg-image-wrap\"><div class = \"tatsu-column-bg-image\" ><\/div><\/div><\/div><style>.tatsu-row > .tatsu-H1G0WJBEdt.tatsu-column{width: 50%;}.tatsu-H1G0WJBEdt.tatsu-column > .tatsu-column-inner{background-color: rgba(159,177,227,0.57);}.tatsu-H1G0WJBEdt.tatsu-column > .tatsu-column-inner > .tatsu-column-pad-wrap > .tatsu-column-pad{padding: 90px 20% 90px 10% ;}.tatsu-H1G0WJBEdt.tatsu-column > .tatsu-column-inner > .tatsu-column-overlay{mix-blend-mode: none;}.tatsu-H1G0WJBEdt > .tatsu-column-inner > .tatsu-top-divider{z-index: 9999;}.tatsu-H1G0WJBEdt > .tatsu-column-inner > .tatsu-bottom-divider{z-index: 9999;}.tatsu-H1G0WJBEdt > .tatsu-column-inner > .tatsu-left-divider{z-index: 9999;}.tatsu-H1G0WJBEdt > .tatsu-column-inner > .tatsu-right-divider{z-index: 9999;}@media only screen and (max-width: 767px) {.tatsu-row > .tatsu-H1G0WJBEdt.tatsu-column{width: 100%;}}<\/style><\/div><\/div><\/div><\/div><div class=\"tatsu-section-background-wrap\"><div class = \"tatsu-section-background\" ><\/div><\/div><style>.tatsu-Hy0WJBVdF > .tatsu-bottom-divider{z-index: 9999;}.tatsu-Hy0WJBVdF > .tatsu-top-divider{z-index: 9999;}<\/style><\/div>\n","protected":false},"excerpt":{"rendered":"<p><a href=\"https:\/\/www.vispertheater.ch\/wordpress\/mitglied_werden\/\" class=\"more-link style1-button\">Weiterlesen<\/a><\/p>","protected":false},"author":1,"featured_media":0,"parent":0,"menu_order":0,"comment_status":"closed","ping_status":"closed","template":"","meta":[],"acf":[],"yoast_head":"<!-- This site is optimized with the Yoast SEO plugin v17.5 - https:\/\/yoast.com\/wordpress\/plugins\/seo\/ -->\n<title>mitglied_werden - Visper Theater<\/title>\n<meta name=\"robots\" content=\"index, follow, max-snippet:-1, max-image-preview:large, max-video-preview:-1\" \/>\n<link rel=\"canonical\" href=\"https:\/\/www.vispertheater.ch\/wordpress\/mitglied_werden\/\" \/>\n<meta property=\"og:locale\" content=\"de_DE\" \/>\n<meta property=\"og:type\" content=\"article\" \/>\n<meta property=\"og:title\" content=\"mitglied_werden - Visper Theater\" \/>\n<meta property=\"og:url\" content=\"https:\/\/www.vispertheater.ch\/wordpress\/mitglied_werden\/\" \/>\n<meta property=\"og:site_name\" content=\"Visper Theater\" \/>\n<meta property=\"article:publisher\" content=\"https:\/\/www.facebook.com\/groups\/79472610286\/\" \/>\n<meta property=\"article:modified_time\" content=\"2021-11-22T07:31:54+00:00\" \/>\n<meta name=\"twitter:card\" content=\"summary\" \/>\n<meta name=\"twitter:label1\" content=\"Gesch\u00e4tzte Lesezeit\" \/>\n\t<meta name=\"twitter:data1\" content=\"6 Minuten\" \/>\n<script type=\"application\/ld+json\" class=\"yoast-schema-graph\">{\"@context\":\"https:\/\/schema.org\",\"@graph\":[{\"@type\":\"WebSite\",\"@id\":\"https:\/\/www.vispertheater.ch\/wordpress\/#website\",\"url\":\"https:\/\/www.vispertheater.ch\/wordpress\/\",\"name\":\"Visper Theater\",\"description\":\"\",\"potentialAction\":[{\"@type\":\"SearchAction\",\"target\":{\"@type\":\"EntryPoint\",\"urlTemplate\":\"https:\/\/www.vispertheater.ch\/wordpress\/?s={search_term_string}\"},\"query-input\":\"required name=search_term_string\"}],\"inLanguage\":\"de-DE\"},{\"@type\":\"WebPage\",\"@id\":\"https:\/\/www.vispertheater.ch\/wordpress\/mitglied_werden\/#webpage\",\"url\":\"https:\/\/www.vispertheater.ch\/wordpress\/mitglied_werden\/\",\"name\":\"mitglied_werden - Visper Theater\",\"isPartOf\":{\"@id\":\"https:\/\/www.vispertheater.ch\/wordpress\/#website\"},\"datePublished\":\"2021-11-18T21:47:04+00:00\",\"dateModified\":\"2021-11-22T07:31:54+00:00\",\"breadcrumb\":{\"@id\":\"https:\/\/www.vispertheater.ch\/wordpress\/mitglied_werden\/#breadcrumb\"},\"inLanguage\":\"de-DE\",\"potentialAction\":[{\"@type\":\"ReadAction\",\"target\":[\"https:\/\/www.vispertheater.ch\/wordpress\/mitglied_werden\/\"]}]},{\"@type\":\"BreadcrumbList\",\"@id\":\"https:\/\/www.vispertheater.ch\/wordpress\/mitglied_werden\/#breadcrumb\",\"itemListElement\":[{\"@type\":\"ListItem\",\"position\":1,\"name\":\"Home\",\"item\":\"https:\/\/www.vispertheater.ch\/wordpress\/\"},{\"@type\":\"ListItem\",\"position\":2,\"name\":\"mitglied_werden\"}]}]}<\/script>\n<!-- \/ Yoast SEO plugin. -->","yoast_head_json":{"title":"mitglied_werden - Visper Theater","robots":{"index":"index","follow":"follow","max-snippet":"max-snippet:-1","max-image-preview":"max-image-preview:large","max-video-preview":"max-video-preview:-1"},"canonical":"https:\/\/www.vispertheater.ch\/wordpress\/mitglied_werden\/","og_locale":"de_DE","og_type":"article","og_title":"mitglied_werden - Visper Theater","og_url":"https:\/\/www.vispertheater.ch\/wordpress\/mitglied_werden\/","og_site_name":"Visper Theater","article_publisher":"https:\/\/www.facebook.com\/groups\/79472610286\/","article_modified_time":"2021-11-22T07:31:54+00:00","twitter_card":"summary","twitter_misc":{"Gesch\u00e4tzte Lesezeit":"6 Minuten"},"schema":{"@context":"https:\/\/schema.org","@graph":[{"@type":"WebSite","@id":"https:\/\/www.vispertheater.ch\/wordpress\/#website","url":"https:\/\/www.vispertheater.ch\/wordpress\/","name":"Visper Theater","description":"","potentialAction":[{"@type":"SearchAction","target":{"@type":"EntryPoint","urlTemplate":"https:\/\/www.vispertheater.ch\/wordpress\/?s={search_term_string}"},"query-input":"required name=search_term_string"}],"inLanguage":"de-DE"},{"@type":"WebPage","@id":"https:\/\/www.vispertheater.ch\/wordpress\/mitglied_werden\/#webpage","url":"https:\/\/www.vispertheater.ch\/wordpress\/mitglied_werden\/","name":"mitglied_werden - Visper Theater","isPartOf":{"@id":"https:\/\/www.vispertheater.ch\/wordpress\/#website"},"datePublished":"2021-11-18T21:47:04+00:00","dateModified":"2021-11-22T07:31:54+00:00","breadcrumb":{"@id":"https:\/\/www.vispertheater.ch\/wordpress\/mitglied_werden\/#breadcrumb"},"inLanguage":"de-DE","potentialAction":[{"@type":"ReadAction","target":["https:\/\/www.vispertheater.ch\/wordpress\/mitglied_werden\/"]}]},{"@type":"BreadcrumbList","@id":"https:\/\/www.vispertheater.ch\/wordpress\/mitglied_werden\/#breadcrumb","itemListElement":[{"@type":"ListItem","position":1,"name":"Home","item":"https:\/\/www.vispertheater.ch\/wordpress\/"},{"@type":"ListItem","position":2,"name":"mitglied_werden"}]}]}},"_links":{"self":[{"href":"https:\/\/www.vispertheater.ch\/wordpress\/wp-json\/wp\/v2\/pages\/1428"}],"collection":[{"href":"https:\/\/www.vispertheater.ch\/wordpress\/wp-json\/wp\/v2\/pages"}],"about":[{"href":"https:\/\/www.vispertheater.ch\/wordpress\/wp-json\/wp\/v2\/types\/page"}],"author":[{"embeddable":true,"href":"https:\/\/www.vispertheater.ch\/wordpress\/wp-json\/wp\/v2\/users\/1"}],"replies":[{"embeddable":true,"href":"https:\/\/www.vispertheater.ch\/wordpress\/wp-json\/wp\/v2\/comments?post=1428"}],"version-history":[{"count":11,"href":"https:\/\/www.vispertheater.ch\/wordpress\/wp-json\/wp\/v2\/pages\/1428\/revisions"}],"predecessor-version":[{"id":1601,"href":"https:\/\/www.vispertheater.ch\/wordpress\/wp-json\/wp\/v2\/pages\/1428\/revisions\/1601"}],"wp:attachment":[{"href":"https:\/\/www.vispertheater.ch\/wordpress\/wp-json\/wp\/v2\/media?parent=1428"}],"curies":[{"name":"wp","href":"https:\/\/api.w.org\/{rel}","templated":true}]}}