{"id":2131,"date":"2024-04-10T15:10:08","date_gmt":"2024-04-10T15:10:08","guid":{"rendered":"https:\/\/www.vispertheater.ch\/wordpress\/?page_id=2131"},"modified":"2024-04-15T14:40:20","modified_gmt":"2024-04-15T14:40:20","slug":"der-kleine-wassermann","status":"publish","type":"page","link":"https:\/\/www.vispertheater.ch\/wordpress\/der-kleine-wassermann\/","title":{"rendered":"Der kleine Wassermann"},"content":{"rendered":"<div  class=\"tatsu-Hy2ivQEgR tatsu-section    tatsu-clearfix\" data-title=\"\"  data-headerscheme=\"background--dark\"><div class='tatsu-section-pad clearfix' data-padding='{\"d\":\"0px 0px 0px 0px \"}' data-padding-top='0px'><div class=\"tatsu-row-wrap  tatsu-row-full-width tatsu-row-has-one-half tatsu-row-has-two-cols tatsu-no-gutter tatsu-eq-cols  tatsu-clearfix tatsu-SklnjPmNxR\" ><div  class=\"tatsu-row \" ><div  class=\"tatsu-column  tatsu-column-no-bg tatsu-one-half tatsu-column-align-middle tatsu-column-image-none tatsu-column-effect-none  tatsu-H1b2oPmVeA\"  data-parallax-speed=\"0\" style=\"\"><div class=\"tatsu-column-inner \" ><div class=\"tatsu-column-pad-wrap\"><div class=\"tatsu-column-pad\" ><div  class=\"tatsu-single-image tatsu-module tatsu-image-lazyload tatsu-Sy6bOQExC  \" ><div class=\"tatsu-single-image-inner \" style=\"width : 1821px;\" ><div class = \"tatsu-single-image-padding-wrap\" style = \"padding-bottom : 140.58209774849%;\" ><\/div><img class = \"tatsu-gradient-border\" alt = \"\" title = \"Titelbild_DerKleineWassermann_Small\" data-srcset = \"https:\/\/www.vispertheater.ch\/wordpress\/wp-content\/uploads\/2024\/04\/Titelbild_DerKleineWassermann_Small-scaled.jpg 1821w, https:\/\/www.vispertheater.ch\/wordpress\/wp-content\/uploads\/2024\/04\/Titelbild_DerKleineWassermann_Small-632x888.jpg 632w, https:\/\/www.vispertheater.ch\/wordpress\/wp-content\/uploads\/2024\/04\/Titelbild_DerKleineWassermann_Small-1020x1434.jpg 1020w, https:\/\/www.vispertheater.ch\/wordpress\/wp-content\/uploads\/2024\/04\/Titelbild_DerKleineWassermann_Small-768x1079.jpg 768w, https:\/\/www.vispertheater.ch\/wordpress\/wp-content\/uploads\/2024\/04\/Titelbild_DerKleineWassermann_Small-1093x1536.jpg 1093w, https:\/\/www.vispertheater.ch\/wordpress\/wp-content\/uploads\/2024\/04\/Titelbild_DerKleineWassermann_Small-1457x2048.jpg 1457w, https:\/\/www.vispertheater.ch\/wordpress\/wp-content\/uploads\/2024\/04\/Titelbild_DerKleineWassermann_Small-36x50.jpg 36w, https:\/\/www.vispertheater.ch\/wordpress\/wp-content\/uploads\/2024\/04\/Titelbild_DerKleineWassermann_Small-650x914.jpg 650w, https:\/\/www.vispertheater.ch\/wordpress\/wp-content\/uploads\/2024\/04\/Titelbild_DerKleineWassermann_Small-1000x1406.jpg 1000w, https:\/\/www.vispertheater.ch\/wordpress\/wp-content\/uploads\/2024\/04\/Titelbild_DerKleineWassermann_Small-50x70.jpg 50w\" sizes = \"(max-width: 1821px) 100vw, 1821px\" src =\"data:image\/png;base64,iVBORw0KGgoAAAANSUhEUgAAAAEAAAABCAQAAAC1HAwCAAAAC0lEQVR42mNkYAAAAAYAAjCB0C8AAAAASUVORK5CYII=\"  \/><\/div><style>.tatsu-Sy6bOQExC .tatsu-single-image-inner{max-width: 100%;}.tatsu-Sy6bOQExC.tatsu-single-image{transform: translate3d(0px,0px, 0);}<\/style><\/div><\/div><\/div><div class = \"tatsu-column-bg-image-wrap\"><div class = \"tatsu-column-bg-image\" ><\/div><\/div><\/div><style>.tatsu-row > .tatsu-H1b2oPmVeA.tatsu-column{width: 50%;}.tatsu-H1b2oPmVeA.tatsu-column > .tatsu-column-inner > .tatsu-column-overlay{mix-blend-mode: none;}.tatsu-H1b2oPmVeA > .tatsu-column-inner > .tatsu-top-divider{z-index: 9999;}.tatsu-H1b2oPmVeA > .tatsu-column-inner > .tatsu-bottom-divider{z-index: 9999;}.tatsu-H1b2oPmVeA > .tatsu-column-inner > .tatsu-left-divider{z-index: 9999;}.tatsu-H1b2oPmVeA > .tatsu-column-inner > .tatsu-right-divider{z-index: 9999;}@media only screen and (max-width: 767px) {.tatsu-row > .tatsu-H1b2oPmVeA.tatsu-column{width: 100%;}}<\/style><\/div><div  class=\"tatsu-column  tatsu-one-half tatsu-column-align-middle tatsu-column-image-none tatsu-column-effect-none  tatsu-S1z3jDXVeC\"  data-parallax-speed=\"0\" style=\"\"><div class=\"tatsu-column-inner \" ><div class=\"tatsu-column-pad-wrap\"><div class=\"tatsu-column-pad\" ><div  class=\"tatsu-module tatsu-inline-text clearfix tatsu-rJm3sDmVgA   \" ><style>.tatsu-rJm3sDmVgA .tatsu-inline-text-inner{width: 100%;text-align: left;}<\/style><div class=\"tatsu-inline-text-inner tatsu-align-center\">\n<h4>Der kleine Wassermann<\/h4>\n<p><strong>von Otfried Preussler.\u00a0<\/strong><\/p>\n<p>\u00a0Als der Wassermann eines Tages nach Hause kommt, sagt die Wassermannfrau zu ihm \u00abHeute musst du ganz leise sein. Wir haben n\u00e4mlich einen kleinen Jungen bekommen.\u00bb Der grosse Wassermann zieht seine Stiefel aus und schleicht auf Zehenspitzen zu der Wiege des kleinen Wassermannes. Welch eine Freude! Ein kleiner perfekter Junge liegt in der Wiege. Das muss gefeiert werden, also laden die Wassermanns andere Wasserm\u00e4nner und Freunde ein. Als der stolze Vater seinen Sohn allen zeigt, w\u00fcnschen ihm die G\u00e4ste alles Gute.\u00a0<\/p>\n<p>Als der kleine Wassermann schon etwas gr\u00f6sser geworden ist, zeigt sein Papa ihm den ganzen Weiher. Dort treffen sie auf andere Teichbewohner, wie die Fr\u00f6sche, den Flusskrebs Martin oder den Krapfen Cyprinus.\u00a0<\/p>\n<p>Eines Morgens jedoch schleicht sich der kleine Wassermann zusammen mit den Fr\u00f6schen, ohne Erlaubnis von Mama und Papa, an die Oberfl\u00e4che. Dort erlebt er ganz viele spannende Abenteuer. Er trifft auf Menschenkinder, die \u00fcbellaunige Frau Glauser oder den M\u00fcller Fred. &#8211; Was dem kleinen Wassermann gar nicht gef\u00e4llt ist, als er entdeckt wie die Badeg\u00e4ste einfach Abfall in den Weiher werfen. Nach dem aufregenden Tag an der Oberfl\u00e4che macht sich der kleine Wassermann zur\u00fcck nach Hause. Wo Mama und Papa schon voller Sorge auf ihn warten, denn sein Papa hat ihm vergessen zu sagen, dass es f\u00fcr Wasserm\u00e4nner an der Oberfl\u00e4che gef\u00e4hrlich werden kann. Denn bei zu langen trockenen F\u00fcssen, k\u00f6nnen Wasserm\u00e4nner ganz schlimm krank werden.<\/p>\n<p>Was der kleine Wassermann sonst noch alles erlebt, erf\u00e4hrst du in unserem Theaterst\u00fcck nach der bekannten Geschichte von Ottfried Preussler.\u00a0<\/p>\n<\/div><\/div><div  class=\"tatsu-module tatsu-text-block-wrap tatsu-BkCRO7ExC  \"><div class=\"tatsu-text-inner tatsu-align-center  clearfix\" ><style>.tatsu-BkCRO7ExC.tatsu-text-block-wrap .tatsu-text-inner{width: 100%;text-align: left;}<\/style>\n<p><b>DATEN<br \/><\/b>07. Juni 2024 18.30 Uhr<br \/>08. Juni 2024 17.00 Uhr<br \/>09. Juni 2024 14.00 Uhr<\/p>\n<p><b>PREISE<br \/><\/b>Erwachsene CHF 20.-<br \/>Kinder bis 16 Jahren CHF 10.-<br \/>Vorverkauf ab 01.Mai 2024<\/p>\n<p><strong>LaPoste Visp<\/strong><\/p>\n<\/div><\/div><div  class=\"tatsu-module tatsu-normal-button tatsu-button-wrap   tatsu-rJN2ivmElA   \"><a class=\"tatsu-shortcode mediumbtn tatsu-button left-icon circular   bg-animation-none  \" href=\"https:\/\/www.lapostevisp.ch\/de\/theater\/tickets-programm\/event\/10007400995318017\" style= \"\"  aria-label=\"ab 1.Mai tickets Kaufen\" data-gdpr-atts={} target=\"_blank\">ab 1.Mai tickets Kaufen<\/a><style>.tatsu-rJN2ivmElA .tatsu-button{background-color: rgba(182,121,235,1);color: #ffffff ;}<\/style><\/div><div  class=\"tatsu-module tatsu-normal-button tatsu-button-wrap   tatsu-rJKTsh9xC   \"><a class=\"tatsu-shortcode mediumbtn tatsu-button left-icon circular   bg-animation-none  \" href=\"https:\/\/www.vispertheater.ch\/wordpress\/wp-content\/uploads\/2024\/04\/Flyer_A5_Falzflyer.pdf\" style= \"\"  aria-label=\"Download FLYER\" data-gdpr-atts={} target=\"_blank\">Download FLYER<\/a><style>.tatsu-rJKTsh9xC .tatsu-button{background-color: rgba(182,121,235,1);color: #ffffff ;}<\/style><\/div><\/div><\/div><div class = \"tatsu-column-bg-image-wrap\"><div class = \"tatsu-column-bg-image\" ><\/div><\/div><\/div><style>.tatsu-row > .tatsu-S1z3jDXVeC.tatsu-column{width: 50%;}.tatsu-S1z3jDXVeC.tatsu-column > .tatsu-column-inner{background-color: rgba(187,232,252,1);}.tatsu-S1z3jDXVeC.tatsu-column > .tatsu-column-inner > .tatsu-column-pad-wrap > .tatsu-column-pad{padding: 90px 20% 90px 10% ;}.tatsu-S1z3jDXVeC.tatsu-column > .tatsu-column-inner > .tatsu-column-overlay{mix-blend-mode: none;}.tatsu-S1z3jDXVeC > .tatsu-column-inner > .tatsu-top-divider{z-index: 9999;}.tatsu-S1z3jDXVeC > .tatsu-column-inner > .tatsu-bottom-divider{z-index: 9999;}.tatsu-S1z3jDXVeC > .tatsu-column-inner > .tatsu-left-divider{z-index: 9999;}.tatsu-S1z3jDXVeC > .tatsu-column-inner > .tatsu-right-divider{z-index: 9999;}@media only screen and (max-width: 767px) {.tatsu-row > .tatsu-S1z3jDXVeC.tatsu-column{width: 100%;}}<\/style><\/div><\/div><\/div><div class=\"tatsu-row-wrap  tatsu-wrap tatsu-row-one-col tatsu-row-has-one-cols tatsu-medium-gutter tatsu-reg-cols  tatsu-clearfix tatsu-rye9uo29xR\" ><div  class=\"tatsu-row \" ><div  class=\"tatsu-column  tatsu-bg-overlay tatsu-column-empty tatsu-one-col tatsu-column-image-none tatsu-column-effect-none  tatsu-HJ9_i2ql0\"  data-parallax-speed=\"0\" style=\"\"><div class=\"tatsu-column-inner \" ><div class=\"tatsu-column-pad-wrap\"><div class=\"tatsu-column-pad\" ><\/div><\/div><div class = \"tatsu-column-bg-image-wrap\"><div class = \"tatsu-column-bg-image\" ><\/div><\/div><div class=\"tatsu-overlay tatsu-column-overlay tatsu-animate-none\" ><\/div><\/div><style>.tatsu-row > .tatsu-HJ9_i2ql0.tatsu-column{width: 100%;}.tatsu-HJ9_i2ql0.tatsu-column > .tatsu-column-inner > .tatsu-column-overlay{mix-blend-mode: normal;}.tatsu-HJ9_i2ql0 > .tatsu-column-inner > .tatsu-top-divider{z-index: 9999;}.tatsu-HJ9_i2ql0 > .tatsu-column-inner > .tatsu-bottom-divider{z-index: 9999;}.tatsu-HJ9_i2ql0 > .tatsu-column-inner > .tatsu-left-divider{z-index: 9999;}.tatsu-HJ9_i2ql0 > .tatsu-column-inner > .tatsu-right-divider{z-index: 9999;}@media only screen and (max-width:1377px) {.tatsu-row > .tatsu-HJ9_i2ql0.tatsu-column{width: 100%;}}@media only screen and (min-width:768px) and (max-width: 1024px) {.tatsu-row > .tatsu-HJ9_i2ql0.tatsu-column{width: 100%;}}@media only screen and (max-width: 767px) {.tatsu-row > .tatsu-HJ9_i2ql0.tatsu-column{width: 100%;}}<\/style><\/div><\/div><\/div><\/div><div class=\"tatsu-section-background-wrap\"><div class = \"tatsu-section-background\" ><\/div><\/div><style>.tatsu-Hy2ivQEgR.tatsu-section{background-color: rgba(235,197,155,1);}.tatsu-Hy2ivQEgR > .tatsu-bottom-divider{z-index: 9999;}.tatsu-Hy2ivQEgR > .tatsu-top-divider{z-index: 9999;}<\/style><\/div>\n","protected":false},"excerpt":{"rendered":"<p><a href=\"https:\/\/www.vispertheater.ch\/wordpress\/der-kleine-wassermann\/\" class=\"more-link style1-button\">Weiterlesen<\/a><\/p>","protected":false},"author":1,"featured_media":0,"parent":0,"menu_order":0,"comment_status":"closed","ping_status":"closed","template":"","meta":[],"acf":[],"yoast_head":"<!-- This site is optimized with the Yoast SEO plugin v17.5 - https:\/\/yoast.com\/wordpress\/plugins\/seo\/ -->\n<title>Der kleine Wassermann - Visper Theater<\/title>\n<meta name=\"robots\" content=\"index, follow, max-snippet:-1, max-image-preview:large, max-video-preview:-1\" \/>\n<link rel=\"canonical\" href=\"https:\/\/www.vispertheater.ch\/wordpress\/der-kleine-wassermann\/\" \/>\n<meta property=\"og:locale\" content=\"de_DE\" \/>\n<meta property=\"og:type\" content=\"article\" \/>\n<meta property=\"og:title\" content=\"Der kleine Wassermann - Visper Theater\" \/>\n<meta property=\"og:url\" content=\"https:\/\/www.vispertheater.ch\/wordpress\/der-kleine-wassermann\/\" \/>\n<meta property=\"og:site_name\" content=\"Visper Theater\" \/>\n<meta property=\"article:publisher\" content=\"https:\/\/www.facebook.com\/groups\/79472610286\/\" \/>\n<meta property=\"article:modified_time\" content=\"2024-04-15T14:40:20+00:00\" \/>\n<meta name=\"twitter:card\" content=\"summary\" \/>\n<meta name=\"twitter:label1\" content=\"Gesch\u00e4tzte Lesezeit\" \/>\n\t<meta name=\"twitter:data1\" content=\"4 Minuten\" \/>\n<script type=\"application\/ld+json\" class=\"yoast-schema-graph\">{\"@context\":\"https:\/\/schema.org\",\"@graph\":[{\"@type\":\"WebSite\",\"@id\":\"https:\/\/www.vispertheater.ch\/wordpress\/#website\",\"url\":\"https:\/\/www.vispertheater.ch\/wordpress\/\",\"name\":\"Visper Theater\",\"description\":\"\",\"potentialAction\":[{\"@type\":\"SearchAction\",\"target\":{\"@type\":\"EntryPoint\",\"urlTemplate\":\"https:\/\/www.vispertheater.ch\/wordpress\/?s={search_term_string}\"},\"query-input\":\"required name=search_term_string\"}],\"inLanguage\":\"de-DE\"},{\"@type\":\"WebPage\",\"@id\":\"https:\/\/www.vispertheater.ch\/wordpress\/der-kleine-wassermann\/#webpage\",\"url\":\"https:\/\/www.vispertheater.ch\/wordpress\/der-kleine-wassermann\/\",\"name\":\"Der kleine Wassermann - Visper Theater\",\"isPartOf\":{\"@id\":\"https:\/\/www.vispertheater.ch\/wordpress\/#website\"},\"datePublished\":\"2024-04-10T15:10:08+00:00\",\"dateModified\":\"2024-04-15T14:40:20+00:00\",\"breadcrumb\":{\"@id\":\"https:\/\/www.vispertheater.ch\/wordpress\/der-kleine-wassermann\/#breadcrumb\"},\"inLanguage\":\"de-DE\",\"potentialAction\":[{\"@type\":\"ReadAction\",\"target\":[\"https:\/\/www.vispertheater.ch\/wordpress\/der-kleine-wassermann\/\"]}]},{\"@type\":\"BreadcrumbList\",\"@id\":\"https:\/\/www.vispertheater.ch\/wordpress\/der-kleine-wassermann\/#breadcrumb\",\"itemListElement\":[{\"@type\":\"ListItem\",\"position\":1,\"name\":\"Home\",\"item\":\"https:\/\/www.vispertheater.ch\/wordpress\/\"},{\"@type\":\"ListItem\",\"position\":2,\"name\":\"Der kleine Wassermann\"}]}]}<\/script>\n<!-- \/ Yoast SEO plugin. -->","yoast_head_json":{"title":"Der kleine Wassermann - Visper Theater","robots":{"index":"index","follow":"follow","max-snippet":"max-snippet:-1","max-image-preview":"max-image-preview:large","max-video-preview":"max-video-preview:-1"},"canonical":"https:\/\/www.vispertheater.ch\/wordpress\/der-kleine-wassermann\/","og_locale":"de_DE","og_type":"article","og_title":"Der kleine Wassermann - Visper Theater","og_url":"https:\/\/www.vispertheater.ch\/wordpress\/der-kleine-wassermann\/","og_site_name":"Visper Theater","article_publisher":"https:\/\/www.facebook.com\/groups\/79472610286\/","article_modified_time":"2024-04-15T14:40:20+00:00","twitter_card":"summary","twitter_misc":{"Gesch\u00e4tzte Lesezeit":"4 Minuten"},"schema":{"@context":"https:\/\/schema.org","@graph":[{"@type":"WebSite","@id":"https:\/\/www.vispertheater.ch\/wordpress\/#website","url":"https:\/\/www.vispertheater.ch\/wordpress\/","name":"Visper Theater","description":"","potentialAction":[{"@type":"SearchAction","target":{"@type":"EntryPoint","urlTemplate":"https:\/\/www.vispertheater.ch\/wordpress\/?s={search_term_string}"},"query-input":"required name=search_term_string"}],"inLanguage":"de-DE"},{"@type":"WebPage","@id":"https:\/\/www.vispertheater.ch\/wordpress\/der-kleine-wassermann\/#webpage","url":"https:\/\/www.vispertheater.ch\/wordpress\/der-kleine-wassermann\/","name":"Der kleine Wassermann - Visper Theater","isPartOf":{"@id":"https:\/\/www.vispertheater.ch\/wordpress\/#website"},"datePublished":"2024-04-10T15:10:08+00:00","dateModified":"2024-04-15T14:40:20+00:00","breadcrumb":{"@id":"https:\/\/www.vispertheater.ch\/wordpress\/der-kleine-wassermann\/#breadcrumb"},"inLanguage":"de-DE","potentialAction":[{"@type":"ReadAction","target":["https:\/\/www.vispertheater.ch\/wordpress\/der-kleine-wassermann\/"]}]},{"@type":"BreadcrumbList","@id":"https:\/\/www.vispertheater.ch\/wordpress\/der-kleine-wassermann\/#breadcrumb","itemListElement":[{"@type":"ListItem","position":1,"name":"Home","item":"https:\/\/www.vispertheater.ch\/wordpress\/"},{"@type":"ListItem","position":2,"name":"Der kleine Wassermann"}]}]}},"_links":{"self":[{"href":"https:\/\/www.vispertheater.ch\/wordpress\/wp-json\/wp\/v2\/pages\/2131"}],"collection":[{"href":"https:\/\/www.vispertheater.ch\/wordpress\/wp-json\/wp\/v2\/pages"}],"about":[{"href":"https:\/\/www.vispertheater.ch\/wordpress\/wp-json\/wp\/v2\/types\/page"}],"author":[{"embeddable":true,"href":"https:\/\/www.vispertheater.ch\/wordpress\/wp-json\/wp\/v2\/users\/1"}],"replies":[{"embeddable":true,"href":"https:\/\/www.vispertheater.ch\/wordpress\/wp-json\/wp\/v2\/comments?post=2131"}],"version-history":[{"count":6,"href":"https:\/\/www.vispertheater.ch\/wordpress\/wp-json\/wp\/v2\/pages\/2131\/revisions"}],"predecessor-version":[{"id":2141,"href":"https:\/\/www.vispertheater.ch\/wordpress\/wp-json\/wp\/v2\/pages\/2131\/revisions\/2141"}],"wp:attachment":[{"href":"https:\/\/www.vispertheater.ch\/wordpress\/wp-json\/wp\/v2\/media?parent=2131"}],"curies":[{"name":"wp","href":"https:\/\/api.w.org\/{rel}","templated":true}]}}