{"id":802,"date":"2017-01-03T13:01:34","date_gmt":"2017-01-03T13:01:34","guid":{"rendered":"http:\/\/www.vispertheater.ch\/wordpress\/?page_id=802"},"modified":"2019-09-04T13:42:15","modified_gmt":"2019-09-04T13:42:15","slug":"muggini","status":"publish","type":"page","link":"https:\/\/www.vispertheater.ch\/wordpress\/muggini\/","title":{"rendered":"Muggini"},"content":{"rendered":"<p>Schon seit seiner Gr\u00fcndung 1989 hat das Visper Theater einen grossen Wert auf die F\u00f6rderung des Kinder- und Jugendspiels gesetzt. W\u00e4hrend das <a href=\"https:\/\/www.vispertheater.ch\/wordpress\/junges-visper-theater\/\">Junge Visper Theater <\/a>sein Ensemble aus Jugendlichen ab 13\u00a0Jahren zusammensetzt, spielen bei den Muggini die J\u00fcngsten &#8211; Kinder im Primarschulalter.<\/p>\n<p>&nbsp;<\/p>\n<p><a href=\"https:\/\/www.vispertheater.ch\/wordpress\/wp-content\/uploads\/2017\/01\/muggini00.jpg\"><img loading=\"lazy\" class=\"alignnone wp-image-808\" src=\"https:\/\/www.vispertheater.ch\/wordpress\/wp-content\/uploads\/2017\/01\/muggini00-632x894.jpg\" alt=\"muggini00\" width=\"349\" height=\"494\" srcset=\"https:\/\/www.vispertheater.ch\/wordpress\/wp-content\/uploads\/2017\/01\/muggini00.jpg 632w, https:\/\/www.vispertheater.ch\/wordpress\/wp-content\/uploads\/2017\/01\/muggini00-35x50.jpg 35w\" sizes=\"(max-width: 349px) 100vw, 349px\" \/><\/a> <a href=\"https:\/\/www.vispertheater.ch\/wordpress\/wp-content\/uploads\/2017\/01\/muggini1.jpg\"><img loading=\"lazy\" class=\"alignnone wp-image-809\" src=\"https:\/\/www.vispertheater.ch\/wordpress\/wp-content\/uploads\/2017\/01\/muggini1-632x889.jpg\" alt=\"muggini1\" width=\"352\" height=\"495\" srcset=\"https:\/\/www.vispertheater.ch\/wordpress\/wp-content\/uploads\/2017\/01\/muggini1-632x889.jpg 632w, https:\/\/www.vispertheater.ch\/wordpress\/wp-content\/uploads\/2017\/01\/muggini1-36x50.jpg 36w, https:\/\/www.vispertheater.ch\/wordpress\/wp-content\/uploads\/2017\/01\/muggini1-650x914.jpg 650w, https:\/\/www.vispertheater.ch\/wordpress\/wp-content\/uploads\/2017\/01\/muggini1.jpg 1000w\" sizes=\"(max-width: 352px) 100vw, 352px\" \/><\/a> <a href=\"https:\/\/www.vispertheater.ch\/wordpress\/wp-content\/uploads\/2017\/01\/muggini2.jpg\"><img loading=\"lazy\" class=\"alignnone wp-image-810\" src=\"https:\/\/www.vispertheater.ch\/wordpress\/wp-content\/uploads\/2017\/01\/muggini2-632x904.jpg\" alt=\"muggini2\" width=\"347\" height=\"496\" srcset=\"https:\/\/www.vispertheater.ch\/wordpress\/wp-content\/uploads\/2017\/01\/muggini2-632x904.jpg 632w, https:\/\/www.vispertheater.ch\/wordpress\/wp-content\/uploads\/2017\/01\/muggini2-35x50.jpg 35w, https:\/\/www.vispertheater.ch\/wordpress\/wp-content\/uploads\/2017\/01\/muggini2-650x930.jpg 650w, https:\/\/www.vispertheater.ch\/wordpress\/wp-content\/uploads\/2017\/01\/muggini2.jpg 699w\" sizes=\"(max-width: 347px) 100vw, 347px\" \/><\/a>\u00a0<a href=\"https:\/\/www.vispertheater.ch\/wordpress\/wp-content\/uploads\/2018\/03\/Rumpelstilzchen_Plakat_A3.jpg\"><img loading=\"lazy\" class=\"alignnone wp-image-1190\" src=\"https:\/\/www.vispertheater.ch\/wordpress\/wp-content\/uploads\/2018\/03\/Rumpelstilzchen_Plakat_A3-632x892.jpg\" alt=\"Rumpelstilzchen_Plakat_A3.indd\" width=\"352\" height=\"496\" srcset=\"https:\/\/www.vispertheater.ch\/wordpress\/wp-content\/uploads\/2018\/03\/Rumpelstilzchen_Plakat_A3-632x892.jpg 632w, https:\/\/www.vispertheater.ch\/wordpress\/wp-content\/uploads\/2018\/03\/Rumpelstilzchen_Plakat_A3-1020x1439.jpg 1020w, https:\/\/www.vispertheater.ch\/wordpress\/wp-content\/uploads\/2018\/03\/Rumpelstilzchen_Plakat_A3-35x50.jpg 35w, https:\/\/www.vispertheater.ch\/wordpress\/wp-content\/uploads\/2018\/03\/Rumpelstilzchen_Plakat_A3-650x917.jpg 650w, https:\/\/www.vispertheater.ch\/wordpress\/wp-content\/uploads\/2018\/03\/Rumpelstilzchen_Plakat_A3-1000x1411.jpg 1000w\" sizes=\"(max-width: 352px) 100vw, 352px\" \/><\/a><a href=\"https:\/\/www.vispertheater.ch\/wordpress\/wp-content\/uploads\/2019\/04\/Sommernacht_Plakat.jpg\"><img loading=\"lazy\" class=\"alignnone wp-image-1269\" src=\"https:\/\/www.vispertheater.ch\/wordpress\/wp-content\/uploads\/2019\/04\/Sommernacht_Plakat-632x889.jpg\" alt=\"Sommernacht_A3_2.indd\" width=\"353\" height=\"496\" srcset=\"https:\/\/www.vispertheater.ch\/wordpress\/wp-content\/uploads\/2019\/04\/Sommernacht_Plakat-632x889.jpg 632w, https:\/\/www.vispertheater.ch\/wordpress\/wp-content\/uploads\/2019\/04\/Sommernacht_Plakat-1020x1435.jpg 1020w, https:\/\/www.vispertheater.ch\/wordpress\/wp-content\/uploads\/2019\/04\/Sommernacht_Plakat-36x50.jpg 36w, https:\/\/www.vispertheater.ch\/wordpress\/wp-content\/uploads\/2019\/04\/Sommernacht_Plakat-650x914.jpg 650w, https:\/\/www.vispertheater.ch\/wordpress\/wp-content\/uploads\/2019\/04\/Sommernacht_Plakat-1000x1407.jpg 1000w\" sizes=\"(max-width: 353px) 100vw, 353px\" \/><\/a><\/p>\n<p>Seit 2014 stehen die Muggini unter der Leitung von Sandra Eyer und Gillian Schmidhalter.<\/p>\n<p><a href=\"https:\/\/www.vispertheater.ch\/wordpress\/wp-content\/uploads\/2017\/01\/Muggini_Regie.jpg\"><img loading=\"lazy\" class=\"alignnone size-medium wp-image-807\" src=\"https:\/\/www.vispertheater.ch\/wordpress\/wp-content\/uploads\/2017\/01\/Muggini_Regie-632x421.jpg\" alt=\"muggini_regie\" width=\"632\" height=\"421\" srcset=\"https:\/\/www.vispertheater.ch\/wordpress\/wp-content\/uploads\/2017\/01\/Muggini_Regie-632x421.jpg 632w, https:\/\/www.vispertheater.ch\/wordpress\/wp-content\/uploads\/2017\/01\/Muggini_Regie-1020x680.jpg 1020w, https:\/\/www.vispertheater.ch\/wordpress\/wp-content\/uploads\/2017\/01\/Muggini_Regie-75x50.jpg 75w, https:\/\/www.vispertheater.ch\/wordpress\/wp-content\/uploads\/2017\/01\/Muggini_Regie-650x433.jpg 650w, https:\/\/www.vispertheater.ch\/wordpress\/wp-content\/uploads\/2017\/01\/Muggini_Regie-1000x667.jpg 1000w, https:\/\/www.vispertheater.ch\/wordpress\/wp-content\/uploads\/2017\/01\/Muggini_Regie.jpg 2048w\" sizes=\"(max-width: 632px) 100vw, 632px\" \/><\/a><\/p>\n<p>&nbsp;<\/p>\n<p>&nbsp;<\/p>\n","protected":false},"excerpt":{"rendered":"<p>Schon seit seiner Gr\u00fcndung 1989 hat das Visper Theater einen grossen Wert auf die F\u00f6rderung des Kinder- und Jugendspiels gesetzt. W\u00e4hrend das Junge Visper Theater sein Ensemble aus Jugendlichen ab [&hellip;]<\/p>\n<p><a href=\"https:\/\/www.vispertheater.ch\/wordpress\/muggini\/\" class=\"more-link style1-button\">Weiterlesen<\/a><\/p>","protected":false},"author":1,"featured_media":0,"parent":0,"menu_order":0,"comment_status":"closed","ping_status":"closed","template":"","meta":[],"acf":[],"yoast_head":"<!-- This site is optimized with the Yoast SEO plugin v17.5 - https:\/\/yoast.com\/wordpress\/plugins\/seo\/ -->\n<title>Muggini - Visper Theater<\/title>\n<meta name=\"robots\" content=\"index, follow, max-snippet:-1, max-image-preview:large, max-video-preview:-1\" \/>\n<link rel=\"canonical\" href=\"https:\/\/www.vispertheater.ch\/wordpress\/muggini\/\" \/>\n<meta property=\"og:locale\" content=\"de_DE\" \/>\n<meta property=\"og:type\" content=\"article\" \/>\n<meta property=\"og:title\" content=\"Muggini - Visper Theater\" \/>\n<meta property=\"og:description\" content=\"Schon seit seiner Gr\u00fcndung 1989 hat das Visper Theater einen grossen Wert auf die F\u00f6rderung des Kinder- und Jugendspiels gesetzt. W\u00e4hrend das Junge Visper Theater sein Ensemble aus Jugendlichen ab [&hellip;]\" \/>\n<meta property=\"og:url\" content=\"https:\/\/www.vispertheater.ch\/wordpress\/muggini\/\" \/>\n<meta property=\"og:site_name\" content=\"Visper Theater\" \/>\n<meta property=\"article:publisher\" content=\"https:\/\/www.facebook.com\/groups\/79472610286\/\" \/>\n<meta property=\"article:modified_time\" content=\"2019-09-04T13:42:15+00:00\" \/>\n<meta property=\"og:image\" content=\"http:\/\/www.vispertheater.ch\/wordpress\/wp-content\/uploads\/2017\/01\/muggini00-632x894.jpg\" \/>\n<meta name=\"twitter:card\" content=\"summary\" \/>\n<script type=\"application\/ld+json\" class=\"yoast-schema-graph\">{\"@context\":\"https:\/\/schema.org\",\"@graph\":[{\"@type\":\"WebSite\",\"@id\":\"https:\/\/www.vispertheater.ch\/wordpress\/#website\",\"url\":\"https:\/\/www.vispertheater.ch\/wordpress\/\",\"name\":\"Visper Theater\",\"description\":\"\",\"potentialAction\":[{\"@type\":\"SearchAction\",\"target\":{\"@type\":\"EntryPoint\",\"urlTemplate\":\"https:\/\/www.vispertheater.ch\/wordpress\/?s={search_term_string}\"},\"query-input\":\"required name=search_term_string\"}],\"inLanguage\":\"de-DE\"},{\"@type\":\"ImageObject\",\"@id\":\"https:\/\/www.vispertheater.ch\/wordpress\/muggini\/#primaryimage\",\"inLanguage\":\"de-DE\",\"url\":\"http:\/\/www.vispertheater.ch\/wordpress\/wp-content\/uploads\/2017\/01\/muggini00-632x894.jpg\",\"contentUrl\":\"http:\/\/www.vispertheater.ch\/wordpress\/wp-content\/uploads\/2017\/01\/muggini00-632x894.jpg\"},{\"@type\":\"WebPage\",\"@id\":\"https:\/\/www.vispertheater.ch\/wordpress\/muggini\/#webpage\",\"url\":\"https:\/\/www.vispertheater.ch\/wordpress\/muggini\/\",\"name\":\"Muggini - Visper Theater\",\"isPartOf\":{\"@id\":\"https:\/\/www.vispertheater.ch\/wordpress\/#website\"},\"primaryImageOfPage\":{\"@id\":\"https:\/\/www.vispertheater.ch\/wordpress\/muggini\/#primaryimage\"},\"datePublished\":\"2017-01-03T13:01:34+00:00\",\"dateModified\":\"2019-09-04T13:42:15+00:00\",\"breadcrumb\":{\"@id\":\"https:\/\/www.vispertheater.ch\/wordpress\/muggini\/#breadcrumb\"},\"inLanguage\":\"de-DE\",\"potentialAction\":[{\"@type\":\"ReadAction\",\"target\":[\"https:\/\/www.vispertheater.ch\/wordpress\/muggini\/\"]}]},{\"@type\":\"BreadcrumbList\",\"@id\":\"https:\/\/www.vispertheater.ch\/wordpress\/muggini\/#breadcrumb\",\"itemListElement\":[{\"@type\":\"ListItem\",\"position\":1,\"name\":\"Home\",\"item\":\"https:\/\/www.vispertheater.ch\/wordpress\/\"},{\"@type\":\"ListItem\",\"position\":2,\"name\":\"Muggini\"}]}]}<\/script>\n<!-- \/ Yoast SEO plugin. -->","yoast_head_json":{"title":"Muggini - Visper Theater","robots":{"index":"index","follow":"follow","max-snippet":"max-snippet:-1","max-image-preview":"max-image-preview:large","max-video-preview":"max-video-preview:-1"},"canonical":"https:\/\/www.vispertheater.ch\/wordpress\/muggini\/","og_locale":"de_DE","og_type":"article","og_title":"Muggini - Visper Theater","og_description":"Schon seit seiner Gr\u00fcndung 1989 hat das Visper Theater einen grossen Wert auf die F\u00f6rderung des Kinder- und Jugendspiels gesetzt. W\u00e4hrend das Junge Visper Theater sein Ensemble aus Jugendlichen ab [&hellip;]","og_url":"https:\/\/www.vispertheater.ch\/wordpress\/muggini\/","og_site_name":"Visper Theater","article_publisher":"https:\/\/www.facebook.com\/groups\/79472610286\/","article_modified_time":"2019-09-04T13:42:15+00:00","og_image":[{"url":"http:\/\/www.vispertheater.ch\/wordpress\/wp-content\/uploads\/2017\/01\/muggini00-632x894.jpg"}],"twitter_card":"summary","schema":{"@context":"https:\/\/schema.org","@graph":[{"@type":"WebSite","@id":"https:\/\/www.vispertheater.ch\/wordpress\/#website","url":"https:\/\/www.vispertheater.ch\/wordpress\/","name":"Visper Theater","description":"","potentialAction":[{"@type":"SearchAction","target":{"@type":"EntryPoint","urlTemplate":"https:\/\/www.vispertheater.ch\/wordpress\/?s={search_term_string}"},"query-input":"required name=search_term_string"}],"inLanguage":"de-DE"},{"@type":"ImageObject","@id":"https:\/\/www.vispertheater.ch\/wordpress\/muggini\/#primaryimage","inLanguage":"de-DE","url":"http:\/\/www.vispertheater.ch\/wordpress\/wp-content\/uploads\/2017\/01\/muggini00-632x894.jpg","contentUrl":"http:\/\/www.vispertheater.ch\/wordpress\/wp-content\/uploads\/2017\/01\/muggini00-632x894.jpg"},{"@type":"WebPage","@id":"https:\/\/www.vispertheater.ch\/wordpress\/muggini\/#webpage","url":"https:\/\/www.vispertheater.ch\/wordpress\/muggini\/","name":"Muggini - Visper Theater","isPartOf":{"@id":"https:\/\/www.vispertheater.ch\/wordpress\/#website"},"primaryImageOfPage":{"@id":"https:\/\/www.vispertheater.ch\/wordpress\/muggini\/#primaryimage"},"datePublished":"2017-01-03T13:01:34+00:00","dateModified":"2019-09-04T13:42:15+00:00","breadcrumb":{"@id":"https:\/\/www.vispertheater.ch\/wordpress\/muggini\/#breadcrumb"},"inLanguage":"de-DE","potentialAction":[{"@type":"ReadAction","target":["https:\/\/www.vispertheater.ch\/wordpress\/muggini\/"]}]},{"@type":"BreadcrumbList","@id":"https:\/\/www.vispertheater.ch\/wordpress\/muggini\/#breadcrumb","itemListElement":[{"@type":"ListItem","position":1,"name":"Home","item":"https:\/\/www.vispertheater.ch\/wordpress\/"},{"@type":"ListItem","position":2,"name":"Muggini"}]}]}},"_links":{"self":[{"href":"https:\/\/www.vispertheater.ch\/wordpress\/wp-json\/wp\/v2\/pages\/802"}],"collection":[{"href":"https:\/\/www.vispertheater.ch\/wordpress\/wp-json\/wp\/v2\/pages"}],"about":[{"href":"https:\/\/www.vispertheater.ch\/wordpress\/wp-json\/wp\/v2\/types\/page"}],"author":[{"embeddable":true,"href":"https:\/\/www.vispertheater.ch\/wordpress\/wp-json\/wp\/v2\/users\/1"}],"replies":[{"embeddable":true,"href":"https:\/\/www.vispertheater.ch\/wordpress\/wp-json\/wp\/v2\/comments?post=802"}],"version-history":[{"count":6,"href":"https:\/\/www.vispertheater.ch\/wordpress\/wp-json\/wp\/v2\/pages\/802\/revisions"}],"predecessor-version":[{"id":814,"href":"https:\/\/www.vispertheater.ch\/wordpress\/wp-json\/wp\/v2\/pages\/802\/revisions\/814"}],"wp:attachment":[{"href":"https:\/\/www.vispertheater.ch\/wordpress\/wp-json\/wp\/v2\/media?parent=802"}],"curies":[{"name":"wp","href":"https:\/\/api.w.org\/{rel}","templated":true}]}}